{"id":504,"date":"2014-07-29T09:05:44","date_gmt":"2014-07-29T09:05:44","guid":{"rendered":"http:\/\/santacatalinaproperties.com\/legal-information-2\/"},"modified":"2022-11-28T13:05:49","modified_gmt":"2022-11-28T13:05:49","slug":"legal-information","status":"publish","type":"page","link":"https:\/\/santacatalinaproperties.com\/es\/legal-information\/","title":{"rendered":"Informaci\u00f3n Legal"},"content":{"rendered":"<p>&nbsp;<br \/>\n<span class=\"title-txt\">1. INFORMACI\u00d3N GENERAL<\/span><\/p>\n<p>Conforme al Art. 10 de la Ley 34\/2002, de 11 de julio, de servicios de la sociedad de la informaci\u00f3n y comercio electr\u00f3nico (en adelante, LSSI), se informa que la presente pagina web santacatalinaproperties.com pertenece a:<\/p>\n<p>Caimari Communications, S.L. con domicilio en la calle Sant Mag\u00ed 56B, 07013, Palma de Mallorca, Islas Baleares, ESPA\u00d1A. CIF: B57642613 y constituida e inscrita en el Registro Mercantil de Palma de Mallorca, al folio 180, Tomo 2407 Secci\u00f3n 8, Inscripci\u00f3n 1, Hoja PM. 64983. Puede contactarnos en la direcci\u00f3n de correo electr\u00f3nico <a href=\"mailto:info@santacatalinaproperties.com\" title=\"Enviar un email\">info@santacatalinaproperties.com<\/a> o al n\u00famero de tel\u00e9fono\/fax  971 284828.<\/p>\n<p>&nbsp;<br \/>\n<span class=\"title-txt\">2. CONDICIONES DE USO<\/span><\/p>\n<p>Con car\u00e1cter general, los usuarios podr\u00e1n acceder al Sitio Web de forma gratuita y libre.  Caimari Communications, S.L. se reserva el derecho a modificar las condiciones generales, en cuyo caso entraran en vigor desde su publicaci\u00f3n. El uso de este sitio Web con fines ilegales o no autorizados por los presentes t\u00e9rminos, condiciones y\/o comunicaciones esta terminantemente prohibido.<\/p>\n<p>&nbsp;<br \/>\n<span class=\"title-txt\">3. PROTECCI\u00d3N DE DATOS DE CAR\u00c1CTER PERSONAL<\/span><\/p>\n<p>En cumplimiento de lo dispuesto por la Ley org\u00e1nica 15\/1999, de 13 de diciembre, de protecci\u00f3n de datos de car\u00e1cter personal, y el Real Decreto 1720\/2007, de 21 de diciembre, por el que se aprueba su reglamento de desarrollo, Caimari Communications, S.L., le informa que:<\/p>\n<p>a) Los datos recogidos ser\u00e1n incorporados al fichero del que es responsable Caimari Communications, S.L. con la finalidad de remitirle la informaci\u00f3n que nos ha solicitado as\u00ed como de mantenerle informado de los productos y servicios que ofrecemos.<\/p>\n<p>b) El interesado podr\u00e1 ejercitar sus derechos de acceso, rectificaci\u00f3n, cancelaci\u00f3n y oposici\u00f3n mediante el env\u00edo de un email a info@santacatalinaproperties.com<\/p>\n<p>c) Si procede: Sus datos de car\u00e1cter personal podr\u00e1n ser cedidos a terceras empresas con la \u00fanica finalidad de gestionarle los servicios que pudiera contratar.<\/p>\n<p>&nbsp;<br \/>\n<span class=\"title-txt\">4. COMUNICACIONES COMERCIALES E-MAIL<\/span><\/p>\n<p>El usuario, desde el momento en que introduce sus datos en alg\u00fan formulario de la presente Web autoriza y consiente, a Caimari Communications, S.L. a ofrecer sus servicios por medio de comunicaciones informativas y promocionales. Conforme al art. 21 de la Ley 34\/2002, de 11 de julio, el titular de los datos autoriza expresamente el env\u00edo de comunicaciones publicitarias o promocionales por cualquier medio electr\u00f3nico. Estas comunicaciones incluir\u00e1n la palabra PUBLI e identificaran claramente a Caimari Communications, S.L. No obstante, usted puede revocar en cualquier momento su consentimiento para la recepci\u00f3n de comunicaciones comerciales con la simple notificaci\u00f3n a nuestra direcci\u00f3n <a href=\"mailto:info@santacatalinaproperties.com\" title=\"Enviar un email\">info@santacatalinaproperties.com<\/a>.<\/p>\n","protected":false},"excerpt":{"rendered":"<p>&nbsp; 1. INFORMACI\u00d3N GENERAL Conforme al Art. 10 de la Ley 34\/2002, de 11 de julio, de servicios de la sociedad de la informaci\u00f3n y comercio electr\u00f3nico (en adelante, LSSI), se informa que la presente pagina web santacatalinaproperties.com pertenece a: Caimari Communications, S.L. con domicilio en la calle Sant Mag\u00ed 56B, 07013, Palma de Mallorca,&#8230;<\/p>\n","protected":false},"author":5,"featured_media":0,"parent":0,"menu_order":0,"comment_status":"closed","ping_status":"open","template":"","meta":{"footnotes":""},"_links":{"self":[{"href":"https:\/\/santacatalinaproperties.com\/es\/wp-json\/wp\/v2\/pages\/504"}],"collection":[{"href":"https:\/\/santacatalinaproperties.com\/es\/wp-json\/wp\/v2\/pages"}],"about":[{"href":"https:\/\/santacatalinaproperties.com\/es\/wp-json\/wp\/v2\/types\/page"}],"author":[{"embeddable":true,"href":"https:\/\/santacatalinaproperties.com\/es\/wp-json\/wp\/v2\/users\/5"}],"replies":[{"embeddable":true,"href":"https:\/\/santacatalinaproperties.com\/es\/wp-json\/wp\/v2\/comments?post=504"}],"version-history":[{"count":1,"href":"https:\/\/santacatalinaproperties.com\/es\/wp-json\/wp\/v2\/pages\/504\/revisions"}],"predecessor-version":[{"id":27467,"href":"https:\/\/santacatalinaproperties.com\/es\/wp-json\/wp\/v2\/pages\/504\/revisions\/27467"}],"wp:attachment":[{"href":"https:\/\/santacatalinaproperties.com\/es\/wp-json\/wp\/v2\/media?parent=504"}],"curies":[{"name":"wp","href":"https:\/\/api.w.org\/{rel}","templated":true}]}}