{"id":2011,"date":"2015-02-09T10:03:08","date_gmt":"2015-02-09T10:03:08","guid":{"rendered":"http:\/\/santacatalinaproperties.com\/?page_id=2011"},"modified":"2022-11-28T13:05:52","modified_gmt":"2022-11-28T13:05:52","slug":"condiciones-de-uso","status":"publish","type":"page","link":"https:\/\/santacatalinaproperties.com\/es\/condiciones-de-uso\/","title":{"rendered":"Condiciones de uso"},"content":{"rendered":"<p>En cumplimiento de la Ley 34\/2002, de 11 de julio, de Servicios de la Sociedad de la Informaci\u00f3n y de Comercio Electr\u00f3nico (LSSI-CE), CAIMARI COMMUNICATIONS SL informa que es titular del sitio web <a href=\"www.santacatalinaproperties.com\">www.santacatalinaproperties.com<\/a>. De acuerdo con la exigencia del art\u00edculo 10 de la citada Ley, CAIMARI COMMUNICATIONS SL informa de los siguientes datos: <\/p>\n<p>El titular de este sitio web es CAIMARI COMMUNICATIONS SL, con CIF B57642613 y domicilio social en C\/ SANT MAGI 56 &#8211; B, BAIXOS, 07013 PALMA DE MALLORCA, ILLES BALEARS, inscrita en el Registro Mercantil, en el tomo 2407 folio 180 hoja PM-64983 e inscripci\u00f3n 1. La direcci\u00f3n de correo electr\u00f3nico de contacto con la empresa es: <a href=\"mailto:info@santacatalinaproperties.com\">info@santacatalinaproperties.com<\/a>. <\/p>\n<p><span class=\"title-txt\">USUARIO Y R\u00c9GIMEN DE RESPONSABILIDADES<\/span>  <\/p>\n<p>La navegaci\u00f3n, acceso y uso por el sitio web de CAIMARI COMMUNICATIONS SL confiere la condici\u00f3n de usuario, por la que se aceptan, desde la navegaci\u00f3n por el sitio web de CAIMARI COMMUNICATIONS SL, todas las condiciones de uso aqu\u00ed establecidas sin perjuicio de la aplicaci\u00f3n de la correspondiente normativa de obligado cumplimiento legal seg\u00fan el caso. <\/p>\n<p>El sitio web de CAIMARI COMMUNICATIONS SL proporciona gran diversidad de informaci\u00f3n, servicios y datos. El usuario asume su responsabilidad en el uso correcto del sitio web. Esta responsabilidad se extender\u00e1 a: <\/p>\n<ul>\n<li>La veracidad y licitud de las informaciones aportadas por el usuario en los formularios extendidos por CAIMARI COMMUNICATIONS SL para el acceso a ciertos contenidos o servicios ofrecidos por el web.<\/li>\n<li> El uso de la informaci\u00f3n, servicios y datos ofrecidos por CAIMARI COMMUNICATIONS SL contrariamente a lo dispuesto por las presentes condiciones, la Ley, la moral, las buenas costumbres o el orden p\u00fablico, o que de cualquier otro modo puedan suponer lesi\u00f3n de los derechos de terceros o del mismo funcionamiento del sitio web. <\/li>\n<\/ul>\n<p><span class=\"title-txt\">POL\u00cdTICA DE ENLACES Y EXENCIONES DE RESPONSABILIDAD<\/span>  <\/p>\n<p>CAIMARI COMMUNICATIONS SL no se hace responsable del contenido de los sitios web a los que el usuario pueda acceder a trav\u00e9s de los enlaces establecidos en su sitio web y declara que en ning\u00fan caso proceder\u00e1 a examinar o ejercitar ning\u00fan tipo de control sobre el contenido de otros sitios de la red. Asimismo, tampoco garantizar\u00e1 la disponibilidad t\u00e9cnica, exactitud, veracidad, validez o legalidad de sitios ajenos a su propiedad a los que se pueda acceder por medio de los enlaces. <\/p>\n<p>CAIMARI COMMUNICATIONS SL declara haber adoptado todas las medidas necesarias para evitar cualquier da\u00f1o a los usuarios de su sitio web, que pudieran derivarse de la navegaci\u00f3n por su sitio web. En consecuencia, CAIMARI COMMUNICATIONS SL no se hace responsable, en ning\u00fan caso, de los eventuales da\u00f1os que por la navegaci\u00f3n por Internet pudiera sufrir el usuario. <\/p>\n<p><span class=\"title-txt\">MODIFICACIONES<\/span>  <\/p>\n<p>CAIMARI COMMUNICATIONS SL se reserva el derecho a realizar las modificaciones que considere oportunas, sin aviso previo, en el contenido de su sitio web. Tanto en lo referente a los contenidos del sitio web, como en las condiciones de uso del mismo. Dichas modificaciones podr\u00e1n realizarse a trav\u00e9s de su sitio web por cualquier forma admisible en derecho y ser\u00e1n de obligado cumplimiento durante el tiempo en que se encuentren publicadas en la web y hasta que no sean modificadas v\u00e1lidamente por otras posteriores.<\/p>\n<p><span class=\"title-txt\">PROTECCI\u00d3N DE DATOS<\/span>  <\/p>\n<p>De conformidad con lo que establece la Ley Org\u00e1nica 15\/1999 de Protecci\u00f3n de Datos de Car\u00e1cter Personal (LOPD), CAIMARI COMMUNICATIONS SL informa a los usuarios de su sitio web que los datos personales recabados por la empresa, mediante los formularios sitos en sus p\u00e1ginas, ser\u00e1n introducidos en un fichero automatizado bajo la responsabilidad de CAIMARI COMMUNICATIONS SL, con la finalidad de poder facilitar, agilizar y cumplir los compromisos establecidos entre ambas partes. <\/p>\n<p>Asimismo, CAIMARI COMMUNICATIONS SL informa de la posibilidad de ejercer los derechos de acceso, rectificaci\u00f3n, cancelaci\u00f3n y oposici\u00f3n mediante un escrito a la direcci\u00f3n: C\/ SANT MAGI 56 &#8211; B, BAIXOS, 07013 PALMA DE MALLORCA, ILLES BALEARS. <\/p>\n<p> Mientras el usuario no comunique lo contrario a CAIMARI COMMUNICATIONS SL, \u00e9sta entender\u00e1 que sus datos no han sido modificados, que el usuario se compromete a notificar a CAIMARI COMMUNICATIONS SL cualquier variaci\u00f3n y que CAIMARI COMMUNICATIONS SL tiene el consentimiento para utilizarlos a fin de poder fidelizar la relaci\u00f3n entre las partes. <\/p>\n<p><span class=\"title-txt\">PROPIEDAD INTELECTUAL E INDUSTRIAL<\/span>  <\/p>\n<p>CAIMARI COMMUNICATIONS SL por s\u00ed misma o como cesionaria, es titular de todos los derechos de propiedad intelectual e industrial de su p\u00e1gina web, as\u00ed como de los elementos contenidos en la misma (a t\u00edtulo enunciativo, im\u00e1genes, sonido, audio, v\u00eddeo, software o textos; marcas o logotipos, combinaciones de colores, estructura y dise\u00f1o, selecci\u00f3n de materiales usados, programas de ordenador necesarios para su funcionamiento, acceso y uso, etc.), titularidad de CAIMARI COMMUNICATIONS SL. Ser\u00e1n, por consiguiente, obras protegidas como propiedad intelectual por el ordenamiento jur\u00eddico espa\u00f1ol, si\u00e9ndoles aplicables tanto la normativa espa\u00f1ola y comunitaria en este campo, como los tratados internacionales relativos a la materia y suscritos por Espa\u00f1a.<\/p>\n<p> Todos los derechos reservados. En virtud de lo dispuesto en los art\u00edculos 8 y 32.1, p\u00e1rrafo segundo, de la Ley de Propiedad Intelectual, quedan expresamente prohibidas la reproducci\u00f3n, la distribuci\u00f3n y la comunicaci\u00f3n p\u00fablica, incluida su modalidad de puesta a disposici\u00f3n, de la totalidad o parte de los contenidos de esta p\u00e1gina web, con fines comerciales, en cualquier soporte y por cualquier medio t\u00e9cnico, sin la autorizaci\u00f3n de CAIMARI COMMUNICATIONS SL. <\/p>\n<p>El usuario se compromete a respetar los derechos de Propiedad Intelectual e Industrial titularidad de CAIMARI COMMUNICATIONS SL. Podr\u00e1 visualizar los elementos del portal e incluso imprimirlos, copiarlos y almacenarlos en el disco duro de su ordenador o en cualquier otro soporte f\u00edsico siempre y cuando sea, \u00fanica y exclusivamente, para su uso personal y privado. El usuario deber\u00e1 abstenerse de suprimir, alterar, eludir o manipular cualquier dispositivo de protecci\u00f3n o sistema de seguridad que estuviera instalado en las p\u00e1ginas de CAIMARI COMMUNICATIONS SL. <\/p>\n<p><span class=\"title-txt\">ACCIONES LEGALES, LEGISLACI\u00d3N APLICABLE Y JURISDICCI\u00d3N<\/span>  <\/p>\n<p>CAIMARI COMMUNICATIONS SL se reserva, asimismo, la facultad de presentar las acciones civiles o penales que considere oportunas por la utilizaci\u00f3n indebida de su sitio web y contenidos, o por el incumplimiento de las presentes condiciones. <\/p>\n<p>La relaci\u00f3n entre el usuario y el prestador se regir\u00e1 por la normativa vigente y de aplicaci\u00f3n en el territorio espa\u00f1ol. De surgir cualquier controversia las partes podr\u00e1n someter sus conflictos a arbitraje o acudir a la jurisdicci\u00f3n ordinaria cumpliendo con las normas sobre jurisdicci\u00f3n y competencia al respecto. CAIMARI COMMUNICATIONS SL tiene su domicilio en ILLES BALEARS, Espa\u00f1a.<\/p>\n","protected":false},"excerpt":{"rendered":"<p>En cumplimiento de la Ley 34\/2002, de 11 de julio, de Servicios de la Sociedad de la Informaci\u00f3n y de Comercio Electr\u00f3nico (LSSI-CE), CAIMARI COMMUNICATIONS SL informa que es titular del sitio web www.santacatalinaproperties.com. De acuerdo con la exigencia del art\u00edculo 10 de la citada Ley, CAIMARI COMMUNICATIONS SL informa de los siguientes datos: El&#8230;<\/p>\n","protected":false},"author":5,"featured_media":0,"parent":0,"menu_order":0,"comment_status":"closed","ping_status":"closed","template":"","meta":{"footnotes":""},"_links":{"self":[{"href":"https:\/\/santacatalinaproperties.com\/es\/wp-json\/wp\/v2\/pages\/2011"}],"collection":[{"href":"https:\/\/santacatalinaproperties.com\/es\/wp-json\/wp\/v2\/pages"}],"about":[{"href":"https:\/\/santacatalinaproperties.com\/es\/wp-json\/wp\/v2\/types\/page"}],"author":[{"embeddable":true,"href":"https:\/\/santacatalinaproperties.com\/es\/wp-json\/wp\/v2\/users\/5"}],"replies":[{"embeddable":true,"href":"https:\/\/santacatalinaproperties.com\/es\/wp-json\/wp\/v2\/comments?post=2011"}],"version-history":[{"count":1,"href":"https:\/\/santacatalinaproperties.com\/es\/wp-json\/wp\/v2\/pages\/2011\/revisions"}],"predecessor-version":[{"id":27464,"href":"https:\/\/santacatalinaproperties.com\/es\/wp-json\/wp\/v2\/pages\/2011\/revisions\/27464"}],"wp:attachment":[{"href":"https:\/\/santacatalinaproperties.com\/es\/wp-json\/wp\/v2\/media?parent=2011"}],"curies":[{"name":"wp","href":"https:\/\/api.w.org\/{rel}","templated":true}]}}