{"id":10657,"date":"2019-01-18T10:06:04","date_gmt":"2019-01-18T10:06:04","guid":{"rendered":"https:\/\/www.santacatalinaproperties.com\/caimari3d\/"},"modified":"2019-01-18T12:10:11","modified_gmt":"2019-01-18T12:10:11","slug":"3d-interior-design","status":"publish","type":"page","link":"https:\/\/santacatalinaproperties.com\/es\/3d-interior-design\/","title":{"rendered":"Dise\u00f1o de interiores en 3D"},"content":{"rendered":"<p><img loading=\"lazy\" decoding=\"async\" class=\" wp-image-10651 alignleft\" src=\"https:\/\/www.santacatalinaproperties.com\/wp-content\/uploads\/2019\/01\/caimari3d.jpg\" alt=\"\" width=\"1409\" height=\"768\" \/><\/p>\n<p>&nbsp;<\/p>\n<p>lorem ispumaposdj aoskd\u00f1as \u00f1sdlkas\u00f1d k\u00f1aslorem ispumaposdj aoskd\u00f1as \u00f1sdlkas\u00f1d k\u00f1aslorem ispumaposdj aoskd\u00f1as \u00f1sdlkas\u00f1d k\u00f1aslorem ispumaposdj aoskd\u00f1as \u00f1sdlkas\u00f1d k\u00f1aslorem ispumaposdj aoskd\u00f1as \u00f1sdlkas\u00f1d k\u00f1aslorem ispumaposdj aoskd\u00f1as \u00f1sdlkas\u00f1d k\u00f1aslorem ispumaposdj aoskd\u00f1as \u00f1sdlkas\u00f1d k\u00f1aslorem ispumaposdj aoskd\u00f1as \u00f1sdlkas\u00f1d k\u00f1aslorem ispumaposdj aoskd\u00f1as \u00f1sdlkas\u00f1d k\u00f1aslorem ispumaposdj aoskd\u00f1as \u00f1sdlkas\u00f1d k\u00f1aslorem ispumaposdj aoskd\u00f1as \u00f1sdlkas\u00f1d k\u00f1aslorem ispumaposdj aoskd\u00f1as \u00f1sdlkas\u00f1d k\u00f1aslorem ispumaposdj aoskd\u00f1as \u00f1sdlkas\u00f1d k\u00f1aslorem ispumaposdj aoskd\u00f1as \u00f1sdlkas\u00f1d k\u00f1aslorem ispumaposdj aoskd\u00f1as \u00f1sdlkas\u00f1d k\u00f1as<\/p>\n<p>&nbsp;<\/p>\n<h3><strong><a href=\"https:\/\/www.caimari3d.com\/\" target=\"_blank\" rel=\"noopener\">www.caimari3d.com<\/a><\/strong><\/h3>\n","protected":false},"excerpt":{"rendered":"<p>&nbsp; lorem ispumaposdj aoskd\u00f1as \u00f1sdlkas\u00f1d k\u00f1aslorem ispumaposdj aoskd\u00f1as \u00f1sdlkas\u00f1d k\u00f1aslorem ispumaposdj aoskd\u00f1as \u00f1sdlkas\u00f1d k\u00f1aslorem ispumaposdj aoskd\u00f1as \u00f1sdlkas\u00f1d k\u00f1aslorem ispumaposdj aoskd\u00f1as \u00f1sdlkas\u00f1d k\u00f1aslorem ispumaposdj aoskd\u00f1as \u00f1sdlkas\u00f1d k\u00f1aslorem ispumaposdj aoskd\u00f1as \u00f1sdlkas\u00f1d k\u00f1aslorem ispumaposdj aoskd\u00f1as \u00f1sdlkas\u00f1d k\u00f1aslorem ispumaposdj aoskd\u00f1as \u00f1sdlkas\u00f1d k\u00f1aslorem ispumaposdj aoskd\u00f1as \u00f1sdlkas\u00f1d k\u00f1aslorem ispumaposdj aoskd\u00f1as \u00f1sdlkas\u00f1d k\u00f1aslorem ispumaposdj aoskd\u00f1as \u00f1sdlkas\u00f1d k\u00f1aslorem ispumaposdj aoskd\u00f1as \u00f1sdlkas\u00f1d k\u00f1aslorem ispumaposdj&#8230;<\/p>\n","protected":false},"author":4,"featured_media":0,"parent":0,"menu_order":0,"comment_status":"closed","ping_status":"closed","template":"templates\/full-width.php","meta":{"footnotes":""},"_links":{"self":[{"href":"https:\/\/santacatalinaproperties.com\/es\/wp-json\/wp\/v2\/pages\/10657"}],"collection":[{"href":"https:\/\/santacatalinaproperties.com\/es\/wp-json\/wp\/v2\/pages"}],"about":[{"href":"https:\/\/santacatalinaproperties.com\/es\/wp-json\/wp\/v2\/types\/page"}],"author":[{"embeddable":true,"href":"https:\/\/santacatalinaproperties.com\/es\/wp-json\/wp\/v2\/users\/4"}],"replies":[{"embeddable":true,"href":"https:\/\/santacatalinaproperties.com\/es\/wp-json\/wp\/v2\/comments?post=10657"}],"version-history":[{"count":3,"href":"https:\/\/santacatalinaproperties.com\/es\/wp-json\/wp\/v2\/pages\/10657\/revisions"}],"predecessor-version":[{"id":10689,"href":"https:\/\/santacatalinaproperties.com\/es\/wp-json\/wp\/v2\/pages\/10657\/revisions\/10689"}],"wp:attachment":[{"href":"https:\/\/santacatalinaproperties.com\/es\/wp-json\/wp\/v2\/media?parent=10657"}],"curies":[{"name":"wp","href":"https:\/\/api.w.org\/{rel}","templated":true}]}}